{"id":9722,"date":"2023-08-17T17:43:35","date_gmt":"2023-08-17T15:43:35","guid":{"rendered":"https:\/\/www.mpaveterinary.com\/?page_id=9722"},"modified":"2025-09-25T14:44:55","modified_gmt":"2025-09-25T12:44:55","slug":"politica-de-privacitat","status":"publish","type":"page","link":"https:\/\/www.mpaveterinary.com\/ca\/politica-de-privacitat\/","title":{"rendered":"Pol\u00edtica de Privacitat"},"content":{"rendered":"<div class=\"fusion-fullwidth fullwidth-box fusion-builder-row-1 fusion-flex-container has-pattern-background has-mask-background nonhundred-percent-fullwidth non-hundred-percent-height-scrolling\" style=\"--awb-border-radius-top-left:0px;--awb-border-radius-top-right:0px;--awb-border-radius-bottom-right:0px;--awb-border-radius-bottom-left:0px;--awb-flex-wrap:wrap;\" ><div class=\"fusion-builder-row fusion-row fusion-flex-align-items-flex-start fusion-flex-content-wrap\" style=\"max-width:1248px;margin-left: calc(-4% \/ 2 );margin-right: calc(-4% \/ 2 );\"><div class=\"fusion-layout-column fusion_builder_column fusion-builder-column-0 fusion_builder_column_1_1 1_1 fusion-flex-column\" style=\"--awb-bg-size:cover;--awb-width-large:100%;--awb-margin-top-large:0px;--awb-spacing-right-large:1.92%;--awb-margin-bottom-large:0px;--awb-spacing-left-large:1.92%;--awb-width-medium:100%;--awb-order-medium:0;--awb-spacing-right-medium:1.92%;--awb-spacing-left-medium:1.92%;--awb-width-small:100%;--awb-order-small:0;--awb-spacing-right-small:1.92%;--awb-spacing-left-small:1.92%;\"><div class=\"fusion-column-wrapper fusion-column-has-shadow fusion-flex-justify-content-flex-start fusion-content-layout-column\"><div class=\"fusion-text fusion-text-1\" style=\"--awb-text-font-family:&quot;Century Gothic Bold&quot;;--awb-text-font-style:normal;--awb-text-font-weight:400;\"><h1>Pol\u00edtica de Privacitat<\/h1>\n<\/div><div class=\"fusion-text fusion-text-2\"><h3 class=\"margin-top-40\">RESPONSABLE DEL TRACTAMENT<\/h3>\n<p>MPA VETERINARY MEDICINES AND ADDITIVES, S. L. B65901266, amb domicili al c\/ Mogoda, 16-18. Pol. Ind. Can Salvatella, 08210, Barber\u00e0 del Vall\u00e8s Telefon 937291764 i mail <a class=\"mailto\" href=\"mailto:info@mpaveterinary.com\">info@mpaveterinary.com<\/a>.<\/p>\n<h3 class=\"margin-top-40\">FINALITAT<\/h3>\n<p>La finalitat de la creaci\u00f3, exist\u00e8ncia i manteniment \u00e9s el tractament de les dades amb els exclusius fins de complir amb la nostra relaci\u00f3 comercial, i realitzar-ne la facturaci\u00f3.<\/p>\n<h3 class=\"margin-top-40\">LEGITIMACI\u00d3<\/h3>\n<p>La base legal per al tractament de les vostres dades \u00e9s l&#8217;execuci\u00f3 de la relaci\u00f3 comercial entre el titular de la dada i el responsable del tractament i aquesta informaci\u00f3 personal es conservar\u00e0 mentre es mantingui la relaci\u00f3 comercial\/contractual o durant el temps estrictament necessari per complir les obligacions legals.<\/p>\n<h3 class=\"margin-top-40\">COMUNICACIONS COMERCIALS<\/h3>\n<p>Aix\u00ed mateix i en base al seu consentiment atorgat de forma afirmativa i expressa, ens permet poder enviar informaci\u00f3 comercial sobre els nostres productes i novetats a trav\u00e9s de correu electr\u00f2nic. Aquest consentiment podr\u00e0 ser revocat en qualsevol moment a trav\u00e9s del nostre correu electr\u00f2nic <a class=\"mailto\" href=\"mailto:info@mpaveterinary.com\">info@mpaveterinary.com<\/a>.<\/p>\n<h3 class=\"margin-top-40\">PER\u00cdODE DE CONSERVACI\u00d3<\/h3>\n<p>Les dades proporcionades es conservaran mentre es mantingui la relaci\u00f3 comercial o durant els anys necessaris per complir les obligacions legals.<\/p>\n<h3 class=\"margin-top-40\">DESTINATARIS<\/h3>\n<p>Mentre duri el tractament de les dades de l&#8217;interessat, MPA VETERINARY MEDICINES AND ADDITIVES, S. L. no cedir\u00e0 les dades a tercers, llevat que hi hagi obligaci\u00f3 legal.<\/p>\n<p>En els sup\u00f2sits que, per a la realitzaci\u00f3 de tractaments de tipus administratiu, fiscal, comptable i\/o comercial, es compti amb els serveis de tercers, es formalitzar\u00e0 degudament el preceptiu contracte d&#8217;encarregat de tractament, amb la finalitat de garantir la seguretat i la confidencialitat de les dades de l&#8217;interessat davant de tercers.<\/p>\n<h3 class=\"margin-top-40\">DRETS<\/h3>\n<p>Les persones interessades tenen dret a accedir a les seves dades de car\u00e0cter personal, aix\u00ed com a sol\u00b7licitar la rectificaci\u00f3 de dades inexactes o, si escau, sol\u00b7licitar la supressi\u00f3 quan, entre altres motius, les dades ja no siguin necess\u00e0ries per a la finalitat que van ser lliurades aix\u00ed com retirar el consentiment atorgat. L&#8217;exercici d&#8217;oposici\u00f3 al tractament de les vostres dades per a l&#8217;enviament d&#8217;informaci\u00f3 publicit\u00e0ria per via electr\u00f2nica. Tamb\u00e9 podeu exercir el vostre dret a la limitaci\u00f3 del tractament, de manera que les vostres dades no seran suprimides per\u00f2 el tractament dels mateixos estar\u00e0 subjecte a limitacions.<\/p>\n<p>Els exercicis de portabilitat i automatitzaci\u00f3 de decisions no apliquen en aquest cas per la seva tipologia de dades i tractament.<\/p>\n<\/div><\/div><\/div><\/div><\/div>\n","protected":false},"excerpt":{"rendered":"","protected":false},"author":1,"featured_media":0,"parent":0,"menu_order":0,"comment_status":"closed","ping_status":"closed","template":"","meta":{"footnotes":""},"class_list":["post-9722","page","type-page","status-publish","hentry"],"_links":{"self":[{"href":"https:\/\/www.mpaveterinary.com\/ca\/wp-json\/wp\/v2\/pages\/9722","targetHints":{"allow":["GET"]}}],"collection":[{"href":"https:\/\/www.mpaveterinary.com\/ca\/wp-json\/wp\/v2\/pages"}],"about":[{"href":"https:\/\/www.mpaveterinary.com\/ca\/wp-json\/wp\/v2\/types\/page"}],"author":[{"embeddable":true,"href":"https:\/\/www.mpaveterinary.com\/ca\/wp-json\/wp\/v2\/users\/1"}],"replies":[{"embeddable":true,"href":"https:\/\/www.mpaveterinary.com\/ca\/wp-json\/wp\/v2\/comments?post=9722"}],"version-history":[{"count":1,"href":"https:\/\/www.mpaveterinary.com\/ca\/wp-json\/wp\/v2\/pages\/9722\/revisions"}],"predecessor-version":[{"id":9723,"href":"https:\/\/www.mpaveterinary.com\/ca\/wp-json\/wp\/v2\/pages\/9722\/revisions\/9723"}],"wp:attachment":[{"href":"https:\/\/www.mpaveterinary.com\/ca\/wp-json\/wp\/v2\/media?parent=9722"}],"curies":[{"name":"wp","href":"https:\/\/api.w.org\/{rel}","templated":true}]}}