{"id":9720,"date":"2023-08-17T17:44:08","date_gmt":"2023-08-17T15:44:08","guid":{"rendered":"https:\/\/www.mpaveterinary.com\/?page_id=9720"},"modified":"2025-09-25T14:43:30","modified_gmt":"2025-09-25T12:43:30","slug":"politica-de-cookies","status":"publish","type":"page","link":"https:\/\/www.mpaveterinary.com\/ca\/politica-de-cookies\/","title":{"rendered":"Pol\u00edtica de Cookies"},"content":{"rendered":"<div class=\"fusion-fullwidth fullwidth-box fusion-builder-row-1 fusion-flex-container has-pattern-background has-mask-background nonhundred-percent-fullwidth non-hundred-percent-height-scrolling\" style=\"--awb-border-radius-top-left:0px;--awb-border-radius-top-right:0px;--awb-border-radius-bottom-right:0px;--awb-border-radius-bottom-left:0px;--awb-flex-wrap:wrap;\" ><div class=\"fusion-builder-row fusion-row fusion-flex-align-items-flex-start fusion-flex-content-wrap\" style=\"max-width:1248px;margin-left: calc(-4% \/ 2 );margin-right: calc(-4% \/ 2 );\"><div class=\"fusion-layout-column fusion_builder_column fusion-builder-column-0 fusion_builder_column_1_1 1_1 fusion-flex-column\" style=\"--awb-bg-size:cover;--awb-width-large:100%;--awb-margin-top-large:0px;--awb-spacing-right-large:1.92%;--awb-margin-bottom-large:0px;--awb-spacing-left-large:1.92%;--awb-width-medium:100%;--awb-order-medium:0;--awb-spacing-right-medium:1.92%;--awb-spacing-left-medium:1.92%;--awb-width-small:100%;--awb-order-small:0;--awb-spacing-right-small:1.92%;--awb-spacing-left-small:1.92%;\"><div class=\"fusion-column-wrapper fusion-column-has-shadow fusion-flex-justify-content-flex-start fusion-content-layout-column\"><div class=\"fusion-text fusion-text-1\" style=\"--awb-text-font-family:&quot;Century Gothic Bold&quot;;--awb-text-font-style:normal;--awb-text-font-weight:400;\"><h1>Pol\u00edtica de Cookies<\/h1>\n<\/div><div class=\"fusion-text fusion-text-2\" style=\"--awb-text-font-family:&quot;Century Gothic Normal&quot;;--awb-text-font-style:normal;--awb-text-font-weight:400;\"><p>Per tal de donar compliment al que disposa l&#8217;article 22 de la Llei 34\/2002, d&#8217;11 de juliol, de serveis de la societat de la informaci\u00f3 i de comer\u00e7 electr\u00f2nic, us informem que el lloc web <strong>www.mpaveterinary.com<\/strong> utilitza cookies pr\u00f2pies i de tercers per oferir-vos una millor experi\u00e8ncia i servei. En navegar o utilitzar els nostres serveis l&#8217;usuari accepta l&#8217;\u00fas que fem de les galetes. Tot i aix\u00f2, l&#8217;usuari t\u00e9 l&#8217;opci\u00f3 d&#8217;impedir la generaci\u00f3 de cookies i l&#8217;eliminaci\u00f3 de les mateixes mitjan\u00e7ant la selecci\u00f3 de la corresponent opci\u00f3 al vostre Navegador.En cas de bloquejar l&#8217;\u00fas de cookies al vostre navegador \u00e9s possible que alguns serveis o funcionalitats del Website no estiguin disponibles.<\/p>\n<h3 class=\"margin-top-40\">QU\u00c8 \u00c9S UNA COOKIE?<\/h3>\n<p>Una cookie \u00e9s un petit fragment de text que els websites envien al navegador i que s&#8217;emmagatzemen al terminal de l&#8217;usuari, el qual pot ser un ordinador personal, un tel\u00e8fon m\u00f2bil, un<em>tablet<\/em>, etc\u2026 Aquests arxius permeten que els websites recordin informaci\u00f3 sobre la seva visita, com l&#8217;idioma i les opcions preferides, el que pot facilitar. Les cookies tenen un paper molt important, en millorar l&#8217;experi\u00e8ncia d&#8217;\u00fas del lloc web.<strong>\u00a0<\/strong><\/p>\n<h3 class=\"margin-top-40\">COM S&#8217;UTILITZEN LES COOKIES?<\/h3>\n<p>En navegar per aquest Website l&#8217;usuari est\u00e0 acceptant que es puguin instal\u00b7lar cookies al terminal i que ens permeten con\u00e8ixer la seg\u00fcent informaci\u00f3:<\/p>\n<ul>\n<li>Informaci\u00f3 estad\u00edstica de l&#8217;\u00fas del lloc web.<\/li>\n<li>El login de l&#8217;usuari per mantenir la sessi\u00f3 activa al lloc web.<\/li>\n<li>El format del lloc web preferent a l&#8217;acc\u00e9s des de dispositius m\u00f2bils.<\/li>\n<li>Les \u00faltimes cerques realitzades als serveis del lloc web i dades de personalitzaci\u00f3 d&#8217;aquests serveis.<\/li>\n<li>Informaci\u00f3 sobre els anuncis que es mostren a l&#8217;usuari.<\/li>\n<li>Informaci\u00f3 de les enquestes en qu\u00e8 ha participat l&#8217;usuari.<\/li>\n<li>Dades de la connexi\u00f3 amb les xarxes socials per als usuaris que accedeixen amb el seu usuari de Facebook o Twitter.<\/li>\n<\/ul>\n<h3 class=\"margin-top-40\">TIPOLOGIA DE COOKIES<\/h3>\n<p>A continuaci\u00f3, us indiquem una relaci\u00f3 de la tipologia de cookies:<\/p>\n<ul>\n<li><u>Cookies pr\u00f2pies<\/u>: S\u00f3n aquelles que s&#8217;envien a l&#8217;equip terminal de l&#8217;usuari des d&#8217;un equip o domini gestionat per nosaltres i des del qual es presta el servei sol\u00b7licitat per l&#8217;usuari.<\/li>\n<li><u>Cookies de tercer<\/u>: S\u00f3n aquelles que s&#8217;envien a l&#8217;equip terminal de l&#8217;usuari des d&#8217;un equip o domini que no \u00e9s gestionat per nosaltres, sin\u00f3 per una altra entitat que tracta les dades obtingudes a trav\u00e9s de les cookies (ex. les cookies utilitzades pels complements de xarxes socials).<\/li>\n<li><u>Cookies de sessi\u00f3<\/u>: S\u00f3n un tipus de cookies dissenyades per a demanar i emmagatzemar dades mentre l&#8217;usuari accedeix a una p\u00e0gina web.<\/li>\n<li><u>Cookies persistents<\/u>: S\u00f3n un tipus de cookies en qu\u00e8 les dades segueixen emmagatzemades al terminal i poden ser accedides i tractades durant un per\u00edode definit pel responsable de la cookie, i que pot anar d&#8217;uns minuts a diversos anys.<\/li>\n<li><u>Cookies t\u00e8cniques<\/u>: S\u00f3n aquelles que permeten a l&#8217;usuari la navegaci\u00f3 a trav\u00e9s de la nostra p\u00e0gina web, plataforma o aplicaci\u00f3 i la utilitzaci\u00f3 de les diferents opcions o serveis que hi oferim com, per exemple, compartir continguts a trav\u00e9s de xarxes socials.<\/li>\n<li><u>Cookie de personalitzaci\u00f3<\/u>: S\u00f3n aquelles que permeten a l&#8217;usuari accedir al servei amb algunes caracter\u00edstiques de car\u00e0cter general predefinides en funci\u00f3 d&#8217;una s\u00e8rie de criteris al terminal de l&#8217;usuari com, per exemple, l&#8217;idioma utilitzat.<\/li>\n<li><u>Cookies publicit\u00e0ries:<\/u>S\u00f3n aquelles que permeten la gesti\u00f3, de la manera m\u00e9s efica\u00e7 possible, dels espais publicitaris que, si escau, l&#8217;editor hagi incl\u00f2s en una p\u00e0gina web, aplicaci\u00f3 o plataforma des de la qual presta el servei sol\u00b7licitat en base a criteris com el contingut editat o la freq\u00fc\u00e8ncia en qu\u00e8 es mostren els anuncis.<\/li>\n<li><u>De publicitat comportamental<\/u>: S\u00f3n aquelles que permeten la gesti\u00f3, de la manera m\u00e9s efica\u00e7 possible, dels espais publicitaris del Website. Aquestes cookies emmagatzemen informaci\u00f3 del comportament dels usuaris obtinguda a trav\u00e9s de l&#8217;observaci\u00f3 continuada dels seus h\u00e0bits de navegaci\u00f3, cosa que permet desenvolupar un perfil espec\u00edfic per mostrar publicitat en funci\u00f3 del mateix.<\/li>\n<\/ul>\n<h3 class=\"margin-top-40\">RELACI\u00d3 I DESCRIPCI\u00d3 DE LES COOKIES UTILITZADES AL WEBSITE<\/h3>\n<p>Aquest lloc web utilitza tant cookies temporals de sessi\u00f3 com cookies permanents. Les galetes de sessi\u00f3 emmagatzemen dades \u00fanicament mentre l&#8217;usuari accedeix al lloc web i les galetes permanents emmagatzemen les dades al terminal perqu\u00e8 siguin accedides i utilitzades en m\u00e9s d&#8217;una sessi\u00f3. A continuaci\u00f3 us facilitem la relaci\u00f3 de cookies utilitzades en aquest Website, identificant el seu titular, la seva finalitat aix\u00ed com el temps en qu\u00e8 romanen actives:<\/p>\n<table class=\"table_cookies_policy\" width=\"424\">\n<tbody>\n<tr>\n<td><strong>Titularitat<\/strong><\/td>\n<td><strong>Cookie<\/strong><\/td>\n<td><strong>Finalitat<\/strong><\/td>\n<td><strong>Temps<\/strong><\/td>\n<\/tr>\n<tr>\n<td>Google<\/td>\n<td>_ga<\/td>\n<td>Anal\u00edtica<\/td>\n<td>2 anys<\/td>\n<\/tr>\n<tr>\n<td>Google<\/td>\n<td>_gat_gtag_UA_145310038_1<\/td>\n<td>Anal\u00edtica<\/td>\n<td>1 dia<\/td>\n<\/tr>\n<tr>\n<td>Google<\/td>\n<td>_gid<\/td>\n<td>Anal\u00edtica<\/td>\n<td>1 dia<\/td>\n<\/tr>\n<tr>\n<td>MPA Veterinary<\/td>\n<td>moove_gdpr_popup<\/td>\n<td>Gesti\u00f3 cookies<\/td>\n<td>1 any<\/td>\n<\/tr>\n<\/tbody>\n<\/table>\n<h3 class=\"margin-top-40\">COM ADMINISTRAR COOKIES AL NAVEGADOR?<\/h3>\n<p>L&#8217;usuari t\u00e9 l&#8217;opci\u00f3 de permetre, bloquejar o eliminar les cookies instal\u00b7lades al vostre equip mitjan\u00e7ant la configuraci\u00f3 de les opcions del navegador instal\u00b7lat al vostre terminal.<br \/>\n<u>Per ajustar els permisos relacionats amb les galetes al Navegador\u00a0<strong>Google Chrome<\/strong><\/u>:<\/p>\n<ul>\n<li>Fer clic al men\u00fa\u00a0situat a la barra d&#8217;eines.<\/li>\n<li>Seleccionar\u00a0<strong>Configuraci\u00f3.<\/strong><\/li>\n<li>Fer clic a\u00a0<strong>Mostrar opcions avan\u00e7ades.<\/strong><\/li>\n<li>A la secci\u00f3 \u201cPrivadesa\u201d fer clic al bot\u00f3\u00a0<strong>Configuraci\u00f3 de contingut<\/strong>.<\/li>\n<li>A la secci\u00f3 de \u201cCookies\u201d es poden configurar les opcions.<\/li>\n<\/ul>\n<p>*\u00a0<a href=\"https:\/\/support.google.com\/chrome\/answer\/95647?hl=ca\" target=\"_blank\" rel=\"noopener\"><strong>M\u00e9s informaci\u00f3 sobre\u00a0Google Chrome<\/strong><\/a>.<\/p>\n<p><u>Per ajustar els permisos relacionats amb les galetes al Navegador\u00a0<strong>Mozilla Firefox<\/strong><\/u>:<\/p>\n<ul>\n<li>A la part superior de la finestra del Firefox feu clic al men\u00fa\u00a0<strong>Eines<\/strong>.<\/li>\n<li>Seleccionar<\/li>\n<li>Seleccionar el panell<\/li>\n<li><strong>A l&#8217;opci\u00f3\u00a0Firefox podreu triar\u00a0Usar una configuraci\u00f3 personalitzada per a l&#8217;historial\u00a0<\/strong>per configurar les opcions.<\/li>\n<\/ul>\n<p>*\u00a0<a href=\"https:\/\/support.mozilla.org\/ca\/kb\/cookies-informacion-que-los-sitios-web-guardan-en-?esab=a&amp;s=adminstracion+de+cookies&amp;r=2&amp;as=s\" target=\"_blank\" rel=\"noopenar noopener\"> Firefox<\/a>.<\/p>\n<p><u>Per ajustar els permisos relacionats amb les galetes al Navegador\u00a0<strong>Internet Explorer 9<\/strong><\/u>:<\/p>\n<ul>\n<li>A la part superior de la finestra d&#8217;Internet Explorer fer clic al men\u00fa<\/li>\n<li>Seleccionar la pestanya de\u00a0<strong>Seguretat<\/strong>i utilitzar l&#8217;opci\u00f3\u00a0<strong>Eliminar l&#8217;historial d&#8217;exploraci\u00f3<\/strong>\u00a0per eliminar les galetes. Activeu la casella Galetes i, a continuaci\u00f3, feu clic a Suprimeix.<\/li>\n<li>Seleccionar la pestanya de\u00a0<strong>Seguretat<\/strong>i utilitzar la\u00a0<strong>Configuraci\u00f3\u00a0<\/strong>moure el control lliscant totalment cap amunt per bloquejar totes les cookies o totalment cap avall per permetre totes les cookies. Despr\u00e9s d&#8217;aix\u00f2, feu clic a\u00a0<strong>Acceptar<\/strong>.<\/li>\n<\/ul>\n<p>*\u00a0<a href=\"https:\/\/windows.microsoft.com\/ca-ca\/windows7\/how-to-manage-cookies-in-internet-explorer-9\" target=\"_blank\" rel=\"noopener\"><strong>M\u00e9s informaci\u00f3 sobre Internet Explorer 9<\/strong><\/a><strong>.<\/strong><\/p>\n<p>En cas de bloquejar l&#8217;\u00fas de cookies al vostre navegador \u00e9s possible que alguns serveis o funcionalitats del Website no estiguin disponibles.<\/p>\n<p>En alguns navegadors es poden configurar regles espec\u00edfiques per administrar cookies per lloc web, cosa que ofereix un control m\u00e9s prec\u00eds sobre la privadesa. Aix\u00f2 significa que es poden inhabilitar cookies de tots els llocs excepte aquells en qu\u00e8 es confi\u00ef.<\/p>\n<p>Si necessiteu m\u00e9s informaci\u00f3, podeu contactar amb nosaltres a trav\u00e9s del correu electr\u00f2nic\u00a0<a class=\"mailto\" href=\"mailto:info@mpaveterinary.com\">info@mpaveterinary.com<\/a><\/p>\n<\/div><\/div><\/div><\/div><\/div>\n","protected":false},"excerpt":{"rendered":"","protected":false},"author":1,"featured_media":0,"parent":0,"menu_order":0,"comment_status":"closed","ping_status":"closed","template":"","meta":{"footnotes":""},"class_list":["post-9720","page","type-page","status-publish","hentry"],"_links":{"self":[{"href":"https:\/\/www.mpaveterinary.com\/ca\/wp-json\/wp\/v2\/pages\/9720","targetHints":{"allow":["GET"]}}],"collection":[{"href":"https:\/\/www.mpaveterinary.com\/ca\/wp-json\/wp\/v2\/pages"}],"about":[{"href":"https:\/\/www.mpaveterinary.com\/ca\/wp-json\/wp\/v2\/types\/page"}],"author":[{"embeddable":true,"href":"https:\/\/www.mpaveterinary.com\/ca\/wp-json\/wp\/v2\/users\/1"}],"replies":[{"embeddable":true,"href":"https:\/\/www.mpaveterinary.com\/ca\/wp-json\/wp\/v2\/comments?post=9720"}],"version-history":[{"count":1,"href":"https:\/\/www.mpaveterinary.com\/ca\/wp-json\/wp\/v2\/pages\/9720\/revisions"}],"predecessor-version":[{"id":9721,"href":"https:\/\/www.mpaveterinary.com\/ca\/wp-json\/wp\/v2\/pages\/9720\/revisions\/9721"}],"wp:attachment":[{"href":"https:\/\/www.mpaveterinary.com\/ca\/wp-json\/wp\/v2\/media?parent=9720"}],"curies":[{"name":"wp","href":"https:\/\/api.w.org\/{rel}","templated":true}]}}