{"id":9705,"date":"2023-08-17T17:42:59","date_gmt":"2023-08-17T15:42:59","guid":{"rendered":"https:\/\/www.mpaveterinary.com\/?page_id=9705"},"modified":"2025-09-25T13:50:32","modified_gmt":"2025-09-25T11:50:32","slug":"avis-legal","status":"publish","type":"page","link":"https:\/\/www.mpaveterinary.com\/ca\/avis-legal\/","title":{"rendered":"Av\u00eds Legal"},"content":{"rendered":"<div class=\"fusion-fullwidth fullwidth-box fusion-builder-row-1 fusion-flex-container has-pattern-background has-mask-background nonhundred-percent-fullwidth non-hundred-percent-height-scrolling\" style=\"--awb-border-radius-top-left:0px;--awb-border-radius-top-right:0px;--awb-border-radius-bottom-right:0px;--awb-border-radius-bottom-left:0px;--awb-flex-wrap:wrap;\" ><div class=\"fusion-builder-row fusion-row fusion-flex-align-items-flex-start fusion-flex-content-wrap\" style=\"max-width:1248px;margin-left: calc(-4% \/ 2 );margin-right: calc(-4% \/ 2 );\"><div class=\"fusion-layout-column fusion_builder_column fusion-builder-column-0 fusion_builder_column_1_1 1_1 fusion-flex-column\" style=\"--awb-bg-size:cover;--awb-width-large:100%;--awb-margin-top-large:0px;--awb-spacing-right-large:1.92%;--awb-margin-bottom-large:0px;--awb-spacing-left-large:1.92%;--awb-width-medium:100%;--awb-order-medium:0;--awb-spacing-right-medium:1.92%;--awb-spacing-left-medium:1.92%;--awb-width-small:100%;--awb-order-small:0;--awb-spacing-right-small:1.92%;--awb-spacing-left-small:1.92%;\"><div class=\"fusion-column-wrapper fusion-column-has-shadow fusion-flex-justify-content-flex-start fusion-content-layout-column\"><div class=\"fusion-text fusion-text-1\"><h1>Av\u00eds Legal<\/h1>\n<\/div><div class=\"fusion-text fusion-text-2\"><p>El prop\u00f2sit d&#8217;aquest Av\u00eds Legal \u00e9s informar els usuaris de www.mpaveterinary.com, domiciliada a, C\/ Mogoda, 16-18. Pol. Ind. Can Salvatella, la ra\u00f3 social del Responsable del tractament del qual \u00e9s ALBIO FERM, S. L., de quina \u00e9s la seva <strong>pol\u00edtica de protecci\u00f3 de la privadesa i confidencialitat de les dades de car\u00e0cter personal<\/strong> segons el Reglament General de Protecci\u00f3 de Dades (RGPD) que els seus usuaris faciliten de forma lliure.<\/p>\n<p>ALBIO FERM, S. L. posa en el seu coneixement que disposa de les seves dades de car\u00e0cter personal especificades al corresponent registre d&#8217;activitats del tractament de l&#8217;empresa anomenat Gesti\u00f3 d&#8217;Usuaris Web.<\/p>\n<p>La base legal per al tractament de les vostres dades \u00e9s el consentiment obtingut del mateix titular del tractament en el moment d&#8217;emplenar el nostre formulari on-line i acceptar-lo de forma expressa.<\/p>\n<p>La finalitat de la creaci\u00f3, exist\u00e8ncia i manteniment \u00e9s el tractament de les dades amb les finalitats exclusives de poder fer efectiva la sol\u00b7licitud d&#8217;informaci\u00f3.<\/p>\n<p>Els destinataris de la informaci\u00f3 s\u00f3n tots els departaments, compartiments, locals i ens associats en qu\u00e8 s&#8217;organitza ALBIO FERM, S. L.\u00a0 i no seran cedits a cap tercer excepte en els casos que hi hagi una obligaci\u00f3 legal.<\/p>\n<p>En tot cas, vost\u00e8 t\u00e9 dret a obtenir confirmaci\u00f3 sobre si a ALBIO FERM, S. L. \u00a0estem tractant les seves dades personals per tant t\u00e9 dret a accedir a les seves dades personals, rectificar les dades inexactes o sol\u00b7licitar la seva supressi\u00f3 quan les dades ja no siguin necess\u00e0ries.<\/p>\n<p>Tots els camps del formulari on-line marcats amb un asterisc s\u00f3n de compliment obligat per poder fer efectiva la vostra sol\u00b7licitud d&#8217;informaci\u00f3.<\/p>\n<p>La Web\u00a0<u>www.mpaveterinary.com<\/u>\u00a0ha adoptat les mesures d&#8217;\u00edndole t\u00e8cnica i organitzatives necess\u00e0ries, segons el nivell de seguretat de protecci\u00f3 de dades que li correspon legalment, per garantir la seguretat del tractament de dades de car\u00e0cter personal que constitueixen el seu fitxer automatitzat. No obstant aix\u00f2, l&#8217;usuari ha de ser conscient que actualment les mesures de seguretat a Internet no s\u00f3n inexpugnables i per tant no est\u00e0 fora de perill de possibles intromissions il\u00b7legals i indegudes, que no serien responsabilitat d&#8217;ALBIO FERM, S. L., ja que ella ha actuat amb la dilig\u00e8ncia deguda per protegir les dades conforme determina la llei.<\/p>\n<p>La pol\u00edtica de cookies de la Web\u00a0<u>www.mpaveterinary.com<\/u>\u00a0es troba determinada a l&#8217;apartat corresponent.<\/p>\n<p>La Web\u00a0<u>www.mpaveterinary.com<\/u>\u00a0far\u00e0 tot el possible perqu\u00e8 les vostres dades estiguin sempre actualitzades. No obstant aix\u00f2, la responsabilitat sobre la qualitat de les dades dep\u00e8n del titular d&#8217;aquestes dades, per aix\u00f2, si hi ha alguna modificaci\u00f3 de les dades, l&#8217;usuari de la web les comunicar\u00e0 al Responsable del Fitxer, declinant aquesta tota responsabilitat en cas que ometi la seva obligaci\u00f3 de notificar els canvis.<\/p>\n<p>La prestaci\u00f3 del servei d&#8217;aquest web i les presents condicions d&#8217;\u00fas del lloc web es regeixen per la Llei espanyola. Per a qualsevol discrep\u00e0ncia en l&#8217;execuci\u00f3, la interpretaci\u00f3, el compliment d&#8217;aquestes condicions, les parts se sotmeten als jutjats i tribunals competents.<\/p>\n<\/div><\/div><\/div><\/div><\/div>\n","protected":false},"excerpt":{"rendered":"","protected":false},"author":1,"featured_media":0,"parent":0,"menu_order":0,"comment_status":"closed","ping_status":"closed","template":"","meta":{"footnotes":""},"class_list":["post-9705","page","type-page","status-publish","hentry"],"_links":{"self":[{"href":"https:\/\/www.mpaveterinary.com\/ca\/wp-json\/wp\/v2\/pages\/9705","targetHints":{"allow":["GET"]}}],"collection":[{"href":"https:\/\/www.mpaveterinary.com\/ca\/wp-json\/wp\/v2\/pages"}],"about":[{"href":"https:\/\/www.mpaveterinary.com\/ca\/wp-json\/wp\/v2\/types\/page"}],"author":[{"embeddable":true,"href":"https:\/\/www.mpaveterinary.com\/ca\/wp-json\/wp\/v2\/users\/1"}],"replies":[{"embeddable":true,"href":"https:\/\/www.mpaveterinary.com\/ca\/wp-json\/wp\/v2\/comments?post=9705"}],"version-history":[{"count":1,"href":"https:\/\/www.mpaveterinary.com\/ca\/wp-json\/wp\/v2\/pages\/9705\/revisions"}],"predecessor-version":[{"id":9706,"href":"https:\/\/www.mpaveterinary.com\/ca\/wp-json\/wp\/v2\/pages\/9705\/revisions\/9706"}],"wp:attachment":[{"href":"https:\/\/www.mpaveterinary.com\/ca\/wp-json\/wp\/v2\/media?parent=9705"}],"curies":[{"name":"wp","href":"https:\/\/api.w.org\/{rel}","templated":true}]}}